{"id":929,"date":"2024-07-11T17:52:48","date_gmt":"2024-07-11T17:52:48","guid":{"rendered":"https:\/\/sweetbonanza77.com\/?page_id=929"},"modified":"2024-07-11T18:06:34","modified_gmt":"2024-07-11T18:06:34","slug":"private-policy","status":"publish","type":"page","link":"https:\/\/sweetbonanza77.com\/fr\/politique-privee\/","title":{"rendered":"Politique priv\u00e9e"},"content":{"rendered":"<div data-elementor-type=\"wp-page\" data-elementor-id=\"929\" class=\"elementor elementor-929\">\n\t\t\t\t<div class=\"elementor-element elementor-element-f6529d6 e-flex e-con-boxed e-con e-parent\" data-id=\"f6529d6\" data-element_type=\"container\" data-e-type=\"container\">\n\t\t\t\t\t<div class=\"e-con-inner\">\n\t\t\t\t<div class=\"elementor-element elementor-element-4230d45 elementor-widget elementor-widget-spacer\" data-id=\"4230d45\" data-element_type=\"widget\" data-e-type=\"widget\" data-widget_type=\"spacer.default\">\n\t\t\t\t<div class=\"elementor-widget-container\">\n\t\t\t\t\t\t\t<div class=\"elementor-spacer\">\n\t\t\t<div class=\"elementor-spacer-inner\"><\/div>\n\t\t<\/div>\n\t\t\t\t\t\t<\/div>\n\t\t\t\t<\/div>\n\t\t\t\t\t<\/div>\n\t\t\t\t<\/div>\n\t\t<div class=\"elementor-element elementor-element-5bb3e22 e-flex e-con-boxed e-con e-parent\" data-id=\"5bb3e22\" data-element_type=\"container\" data-e-type=\"container\">\n\t\t\t\t\t<div class=\"e-con-inner\">\n\t\t\t\t<div class=\"elementor-element elementor-element-9b3380c elementor-widget elementor-widget-heading\" data-id=\"9b3380c\" data-element_type=\"widget\" data-e-type=\"widget\" data-widget_type=\"heading.default\">\n\t\t\t\t<div class=\"elementor-widget-container\">\n\t\t\t\t\t<h1 class=\"elementor-heading-title elementor-size-default\">Politique priv\u00e9e<\/h1>\t\t\t\t<\/div>\n\t\t\t\t<\/div>\n\t\t\t\t\t<\/div>\n\t\t\t\t<\/div>\n\t\t<div class=\"elementor-element elementor-element-38faa97 e-flex e-con-boxed e-con e-parent\" data-id=\"38faa97\" data-element_type=\"container\" data-e-type=\"container\">\n\t\t\t\t\t<div class=\"e-con-inner\">\n\t\t\t\t<div class=\"elementor-element elementor-element-e8bd0f6 elementor-widget elementor-widget-text-editor\" data-id=\"e8bd0f6\" data-element_type=\"widget\" data-e-type=\"widget\" data-widget_type=\"text-editor.default\">\n\t\t\t\t<div class=\"elementor-widget-container\">\n\t\t\t\t\t\t\t\t\t<p class=\"whitespace-pre-wrap break-words\"><em>Derni\u00e8re mise \u00e0 jour : 09.07.2024<\/em><\/p><p class=\"whitespace-pre-wrap break-words\">Cette politique de confidentialit\u00e9 d\u00e9crit les politiques et proc\u00e9dures de sweetbonanza77.com concernant la collecte, l'utilisation et la divulgation de vos informations lorsque vous utilisez notre service et vous informe de vos droits en mati\u00e8re de confidentialit\u00e9 et de la mani\u00e8re dont la loi vous prot\u00e8ge.<\/p><p class=\"whitespace-pre-wrap break-words\">En utilisant le service, vous acceptez la collecte et l'utilisation d'informations conform\u00e9ment \u00e0 la pr\u00e9sente politique de confidentialit\u00e9.<\/p><h2 class=\"whitespace-pre-wrap break-words\">Interpr\u00e9tation et d\u00e9finitions<\/h2><p class=\"whitespace-pre-wrap break-words\">Interpr\u00e9tation Les mots commen\u00e7ant par une majuscule ont une signification d\u00e9finie dans les conditions suivantes, qu'ils soient au singulier ou au pluriel.<\/p><h2 class=\"whitespace-pre-wrap break-words\">D\u00e9finitions<\/h2><p class=\"whitespace-pre-wrap break-words\">Aux fins de la pr\u00e9sente politique de confidentialit\u00e9 :<\/p><ul class=\"-mt-1 list-disc space-y-2 pl-8\"><li class=\"whitespace-normal break-words\">Compte : un compte unique cr\u00e9\u00e9 pour vous afin d'acc\u00e9der \u00e0 notre service ou \u00e0 des parties de notre service.<\/li><li class=\"whitespace-normal break-words\">Le site web fait r\u00e9f\u00e9rence \u00e0 sweetbonanza77.com, accessible \u00e0 partir de <a href=\"https:\/\/sweetbonanza77.com\/fr\/\">https:\/\/sweetbonanza77.com\/<\/a><\/li><li class=\"whitespace-normal break-words\">Le service fait r\u00e9f\u00e9rence au site web.<\/li><li class=\"whitespace-normal break-words\">On entend par \"vous\" la personne qui acc\u00e8de au service ou qui l'utilise, ou la soci\u00e9t\u00e9 ou autre entit\u00e9 juridique au nom de laquelle cette personne acc\u00e8de au service ou l'utilise, selon le cas.<\/li><\/ul><h2 class=\"whitespace-pre-wrap break-words\">Collecte et utilisation de vos donn\u00e9es personnelles<\/h2><h3 class=\"whitespace-pre-wrap break-words\">Types de donn\u00e9es collect\u00e9es<\/h3><h4 class=\"whitespace-pre-wrap break-words\">Donn\u00e9es personnelles<\/h4><p class=\"whitespace-pre-wrap break-words\">Lors de l'utilisation de notre service, nous pouvons vous demander de nous fournir certaines informations personnellement identifiables qui peuvent \u00eatre utilis\u00e9es pour vous contacter ou vous identifier. Il peut s'agir, entre autres, des \u00e9l\u00e9ments suivants<\/p><ul class=\"-mt-1 list-disc space-y-2 pl-8\"><li class=\"whitespace-normal break-words\">Adresse \u00e9lectronique<\/li><li class=\"whitespace-normal break-words\">Donn\u00e9es d'utilisation<\/li><\/ul><h4 class=\"whitespace-pre-wrap break-words\">Donn\u00e9es d'utilisation<\/h4><p class=\"whitespace-pre-wrap break-words\">Les donn\u00e9es d'utilisation sont collect\u00e9es automatiquement lors de l'utilisation du service. Elles peuvent inclure des informations telles que l'adresse IP de votre appareil, le type et la version de votre navigateur, les pages de notre service que vous visitez, l'heure et la date de votre visite, le temps pass\u00e9 sur ces pages, les identifiants uniques de l'appareil et d'autres donn\u00e9es de diagnostic.<\/p><h4 class=\"whitespace-pre-wrap break-words\">Utilisation de vos donn\u00e9es personnelles<\/h4><p class=\"whitespace-pre-wrap break-words\">Nous pouvons utiliser les donn\u00e9es personnelles aux fins suivantes :<\/p><ul class=\"-mt-1 list-disc space-y-2 pl-8\"><li class=\"whitespace-normal break-words\">Fournir et maintenir notre service<\/li><li class=\"whitespace-normal break-words\">Pour g\u00e9rer votre compte<\/li><li class=\"whitespace-normal break-words\">Pour vous contacter<\/li><li class=\"whitespace-normal break-words\">Pour vous fournir des nouvelles, des offres sp\u00e9ciales et des informations g\u00e9n\u00e9rales sur d'autres biens, services et \u00e9v\u00e9nements que nous proposons.<\/li><li class=\"whitespace-normal break-words\">Pour g\u00e9rer vos demandes<\/li><li class=\"whitespace-normal break-words\">\u00e0 d'autres fins, telles que l'analyse des donn\u00e9es, l'identification des tendances d'utilisation et l'\u00e9valuation et l'am\u00e9lioration de notre service<\/li><\/ul><p class=\"whitespace-pre-wrap break-words\">Nous pouvons partager vos informations personnelles dans les situations suivantes :<\/p><ul class=\"-mt-1 list-disc space-y-2 pl-8\"><li class=\"whitespace-normal break-words\">Avec les prestataires de services<\/li><li class=\"whitespace-normal break-words\">Pour les transferts d'entreprise<\/li><li class=\"whitespace-normal break-words\">Avec les affili\u00e9s<\/li><li class=\"whitespace-normal break-words\">Avec votre consentement<\/li><\/ul><h2 class=\"whitespace-pre-wrap break-words\">Conservation de vos donn\u00e9es personnelles<\/h2><p class=\"whitespace-pre-wrap break-words\">Nous ne conserverons vos donn\u00e9es \u00e0 caract\u00e8re personnel que pendant la dur\u00e9e n\u00e9cessaire aux fins \u00e9nonc\u00e9es dans la pr\u00e9sente politique de protection de la vie priv\u00e9e.<\/p><h2 class=\"whitespace-pre-wrap break-words\">S\u00e9curit\u00e9 de vos donn\u00e9es personnelles<\/h2><p class=\"whitespace-pre-wrap break-words\">La s\u00e9curit\u00e9 de vos donn\u00e9es personnelles est importante pour nous, mais rappelez-vous qu'aucune m\u00e9thode de transmission sur Internet ou de stockage \u00e9lectronique n'est s\u00fbre.<\/p><h2 class=\"whitespace-pre-wrap break-words\">Vie priv\u00e9e des enfants<\/h2><p class=\"whitespace-pre-wrap break-words\">Notre service ne s'adresse pas aux personnes \u00e2g\u00e9es de moins de 18 ans. Nous ne recueillons pas sciemment d'informations personnellement identifiables aupr\u00e8s de personnes \u00e2g\u00e9es de moins de 18 ans.<\/p><h2 class=\"whitespace-pre-wrap break-words\">Modifications de la pr\u00e9sente politique de protection de la vie priv\u00e9e<\/h2><p class=\"whitespace-pre-wrap break-words\">Nous pouvons mettre \u00e0 jour notre politique de confidentialit\u00e9 de temps \u00e0 autre. Nous vous informerons de toute modification en publiant la nouvelle politique de confidentialit\u00e9 sur cette page et en mettant \u00e0 jour la date de la \"derni\u00e8re mise \u00e0 jour\".<\/p><h2 class=\"whitespace-pre-wrap break-words\">Nous contacter<\/h2><p class=\"whitespace-pre-wrap break-words\">Si vous avez des questions concernant cette politique de confidentialit\u00e9, vous pouvez nous contacter :<\/p><p class=\"whitespace-pre-wrap break-words\">info@sweetbonanza77.com<\/p>\t\t\t\t\t\t\t\t<\/div>\n\t\t\t\t<\/div>\n\t\t\t\t\t<\/div>\n\t\t\t\t<\/div>\n\t\t\t\t<\/div>","protected":false},"excerpt":{"rendered":"<p>Private Policy Last updated: 09.07.2024 This Privacy Policy describes the policies and procedures of sweetbonanza77.com on the collection, use, and disclosure of your information when you use our Service and informs you about your privacy rights and how the law protects you. By using the Service, you agree to the collection and use of information [&hellip;]<\/p>\n","protected":false},"author":1,"featured_media":0,"parent":0,"menu_order":0,"comment_status":"closed","ping_status":"closed","template":"","meta":{"footnotes":""},"class_list":["post-929","page","type-page","status-publish","hentry"],"blocksy_meta":{"has_hero_section":"disabled","styles_descriptor":{"styles":{"desktop":"","tablet":"","mobile":""},"google_fonts":[],"version":6}},"yoast_head":"<!-- This site is optimized with the Yoast SEO plugin v27.4 - https:\/\/yoast.com\/product\/yoast-seo-wordpress\/ -->\n<title>Private Policy - Sweet Bonanza 77<\/title>\n<meta name=\"robots\" content=\"noindex, follow\" \/>\n<meta property=\"og:locale\" content=\"fr_FR\" \/>\n<meta property=\"og:type\" content=\"article\" \/>\n<meta property=\"og:title\" content=\"Private Policy - Sweet Bonanza 77\" \/>\n<meta property=\"og:description\" content=\"Private Policy Last updated: 09.07.2024 This Privacy Policy describes the policies and procedures of sweetbonanza77.com on the collection, use, and disclosure of your information when you use our Service and informs you about your privacy rights and how the law protects you. By using the Service, you agree to the collection and use of information [&hellip;]\" \/>\n<meta property=\"og:url\" content=\"https:\/\/sweetbonanza77.com\/fr\/politique-privee\/\" \/>\n<meta property=\"og:site_name\" content=\"Sweet Bonanza 77\" \/>\n<meta property=\"article:modified_time\" content=\"2024-07-11T18:06:34+00:00\" \/>\n<meta name=\"twitter:card\" content=\"summary_large_image\" \/>\n<meta name=\"twitter:label1\" content=\"Dur\u00e9e de lecture estim\u00e9e\" \/>\n\t<meta name=\"twitter:data1\" content=\"3 minutes\" \/>\n<script type=\"application\/ld+json\" class=\"yoast-schema-graph\">{\"@context\":\"https:\\\/\\\/schema.org\",\"@graph\":[{\"@type\":\"WebPage\",\"@id\":\"https:\\\/\\\/sweetbonanza77.com\\\/private-policy\\\/\",\"url\":\"https:\\\/\\\/sweetbonanza77.com\\\/private-policy\\\/\",\"name\":\"Private Policy - Sweet Bonanza 77\",\"isPartOf\":{\"@id\":\"https:\\\/\\\/sweetbonanza77.com\\\/#website\"},\"datePublished\":\"2024-07-11T17:52:48+00:00\",\"dateModified\":\"2024-07-11T18:06:34+00:00\",\"breadcrumb\":{\"@id\":\"https:\\\/\\\/sweetbonanza77.com\\\/private-policy\\\/#breadcrumb\"},\"inLanguage\":\"fr-FR\",\"potentialAction\":[{\"@type\":\"ReadAction\",\"target\":[\"https:\\\/\\\/sweetbonanza77.com\\\/private-policy\\\/\"]}]},{\"@type\":\"BreadcrumbList\",\"@id\":\"https:\\\/\\\/sweetbonanza77.com\\\/private-policy\\\/#breadcrumb\",\"itemListElement\":[{\"@type\":\"ListItem\",\"position\":1,\"name\":\"Home\",\"item\":\"https:\\\/\\\/sweetbonanza77.com\\\/\"},{\"@type\":\"ListItem\",\"position\":2,\"name\":\"Private Policy\"}]},{\"@type\":\"WebSite\",\"@id\":\"https:\\\/\\\/sweetbonanza77.com\\\/#website\",\"url\":\"https:\\\/\\\/sweetbonanza77.com\\\/\",\"name\":\"Sweet Bonanza 77\",\"description\":\"\",\"potentialAction\":[{\"@type\":\"SearchAction\",\"target\":{\"@type\":\"EntryPoint\",\"urlTemplate\":\"https:\\\/\\\/sweetbonanza77.com\\\/?s={search_term_string}\"},\"query-input\":{\"@type\":\"PropertyValueSpecification\",\"valueRequired\":true,\"valueName\":\"search_term_string\"}}],\"inLanguage\":\"fr-FR\"}]}<\/script>\n<!-- \/ Yoast SEO plugin. -->","yoast_head_json":{"title":"Politique priv\u00e9e - Un bonbon doux 77","robots":{"index":"noindex","follow":"follow"},"og_locale":"fr_FR","og_type":"article","og_title":"Private Policy - Sweet Bonanza 77","og_description":"Private Policy Last updated: 09.07.2024 This Privacy Policy describes the policies and procedures of sweetbonanza77.com on the collection, use, and disclosure of your information when you use our Service and informs you about your privacy rights and how the law protects you. By using the Service, you agree to the collection and use of information [&hellip;]","og_url":"https:\/\/sweetbonanza77.com\/fr\/politique-privee\/","og_site_name":"Sweet Bonanza 77","article_modified_time":"2024-07-11T18:06:34+00:00","twitter_card":"summary_large_image","twitter_misc":{"Dur\u00e9e de lecture estim\u00e9e":"3 minutes"},"schema":{"@context":"https:\/\/schema.org","@graph":[{"@type":"WebPage","@id":"https:\/\/sweetbonanza77.com\/private-policy\/","url":"https:\/\/sweetbonanza77.com\/private-policy\/","name":"Politique priv\u00e9e - Un bonbon doux 77","isPartOf":{"@id":"https:\/\/sweetbonanza77.com\/#website"},"datePublished":"2024-07-11T17:52:48+00:00","dateModified":"2024-07-11T18:06:34+00:00","breadcrumb":{"@id":"https:\/\/sweetbonanza77.com\/private-policy\/#breadcrumb"},"inLanguage":"fr-FR","potentialAction":[{"@type":"ReadAction","target":["https:\/\/sweetbonanza77.com\/private-policy\/"]}]},{"@type":"BreadcrumbList","@id":"https:\/\/sweetbonanza77.com\/private-policy\/#breadcrumb","itemListElement":[{"@type":"ListItem","position":1,"name":"Home","item":"https:\/\/sweetbonanza77.com\/"},{"@type":"ListItem","position":2,"name":"Private Policy"}]},{"@type":"WebSite","@id":"https:\/\/sweetbonanza77.com\/#website","url":"https:\/\/sweetbonanza77.com\/","name":"Douce aubaine 77","description":"","potentialAction":[{"@type":"SearchAction","target":{"@type":"EntryPoint","urlTemplate":"https:\/\/sweetbonanza77.com\/?s={search_term_string}"},"query-input":{"@type":"PropertyValueSpecification","valueRequired":true,"valueName":"search_term_string"}}],"inLanguage":"fr-FR"}]}},"_links":{"self":[{"href":"https:\/\/sweetbonanza77.com\/fr\/wp-json\/wp\/v2\/pages\/929","targetHints":{"allow":["GET"]}}],"collection":[{"href":"https:\/\/sweetbonanza77.com\/fr\/wp-json\/wp\/v2\/pages"}],"about":[{"href":"https:\/\/sweetbonanza77.com\/fr\/wp-json\/wp\/v2\/types\/page"}],"author":[{"embeddable":true,"href":"https:\/\/sweetbonanza77.com\/fr\/wp-json\/wp\/v2\/users\/1"}],"replies":[{"embeddable":true,"href":"https:\/\/sweetbonanza77.com\/fr\/wp-json\/wp\/v2\/comments?post=929"}],"version-history":[{"count":0,"href":"https:\/\/sweetbonanza77.com\/fr\/wp-json\/wp\/v2\/pages\/929\/revisions"}],"wp:attachment":[{"href":"https:\/\/sweetbonanza77.com\/fr\/wp-json\/wp\/v2\/media?parent=929"}],"curies":[{"name":"wp","href":"https:\/\/api.w.org\/{rel}","templated":true}]}}