{"id":837,"date":"2024-07-09T08:50:02","date_gmt":"2024-07-09T08:50:02","guid":{"rendered":"https:\/\/sweetbonanza77.com\/?page_id=837"},"modified":"2024-08-22T11:58:52","modified_gmt":"2024-08-22T11:58:52","slug":"about-us","status":"publish","type":"page","link":"https:\/\/sweetbonanza77.com\/pt\/about-us\/","title":{"rendered":"Sobre n\u00f3s"},"content":{"rendered":"<div data-elementor-type=\"wp-page\" data-elementor-id=\"837\" class=\"elementor elementor-837\">\n\t\t\t\t<div class=\"elementor-element elementor-element-deab348 e-flex e-con-boxed e-con e-parent\" data-id=\"deab348\" data-element_type=\"container\" data-e-type=\"container\">\n\t\t\t\t\t<div class=\"e-con-inner\">\n\t\t\t\t<div class=\"elementor-element elementor-element-877ce48 elementor-widget elementor-widget-spacer\" data-id=\"877ce48\" data-element_type=\"widget\" data-e-type=\"widget\" data-widget_type=\"spacer.default\">\n\t\t\t\t<div class=\"elementor-widget-container\">\n\t\t\t\t\t\t\t<div class=\"elementor-spacer\">\n\t\t\t<div class=\"elementor-spacer-inner\"><\/div>\n\t\t<\/div>\n\t\t\t\t\t\t<\/div>\n\t\t\t\t<\/div>\n\t\t\t\t\t<\/div>\n\t\t\t\t<\/div>\n\t\t<div class=\"elementor-element elementor-element-447f2c7 e-flex e-con-boxed e-con e-parent\" data-id=\"447f2c7\" data-element_type=\"container\" data-e-type=\"container\">\n\t\t\t\t\t<div class=\"e-con-inner\">\n\t\t\t\t<div class=\"elementor-element elementor-element-3d41c6b elementor-widget elementor-widget-heading\" data-id=\"3d41c6b\" data-element_type=\"widget\" data-e-type=\"widget\" data-widget_type=\"heading.default\">\n\t\t\t\t<div class=\"elementor-widget-container\">\n\t\t\t\t\t<h1 class=\"elementor-heading-title elementor-size-default\">Sobre n\u00f3s<\/h1>\t\t\t\t<\/div>\n\t\t\t\t<\/div>\n\t\t\t\t\t<\/div>\n\t\t\t\t<\/div>\n\t\t<div class=\"elementor-element elementor-element-783536a e-flex e-con-boxed e-con e-parent\" data-id=\"783536a\" data-element_type=\"container\" data-e-type=\"container\">\n\t\t\t\t\t<div class=\"e-con-inner\">\n\t\t\t\t<div class=\"elementor-element elementor-element-91e7c23 elementor-widget elementor-widget-text-editor\" data-id=\"91e7c23\" data-element_type=\"widget\" data-e-type=\"widget\" data-widget_type=\"text-editor.default\">\n\t\t\t\t<div class=\"elementor-widget-container\">\n\t\t\t\t\t\t\t\t\t<p><span style=\"font-family: inherit; font-size: inherit; font-style: inherit; font-variant-ligatures: inherit; font-variant-caps: inherit; font-weight: inherit; text-align: var(--text-align); background-color: var(--theme-palette-color-8); color: var(--theme-text-color); letter-spacing: var(--theme-letter-spacing); text-transform: var(--theme-text-transform);\">Bem-vindo ao <\/span><a style=\"font-family: inherit; font-size: inherit; font-style: inherit; font-variant-ligatures: inherit; font-variant-caps: inherit; font-weight: inherit; text-align: var(--text-align); background-color: var(--theme-palette-color-8); letter-spacing: var(--theme-letter-spacing); text-transform: var(--theme-text-transform);\" href=\"https:\/\/sweetbonanza77.com\/pt\/\" target=\"_new\" rel=\"noreferrer\">https:\/\/sweetbonanza77.com\/<\/a><span style=\"font-family: inherit; font-size: inherit; font-style: inherit; font-variant-ligatures: inherit; font-variant-caps: inherit; font-weight: inherit; text-align: var(--text-align); background-color: var(--theme-palette-color-8); color: var(--theme-text-color); letter-spacing: var(--theme-letter-spacing); text-transform: var(--theme-text-transform);\"> - seu principal destino para todas as coisas relacionadas ao amado jogo de cassino on-line, Sweet Bonanza. Nossa plataforma \u00e9 dedicada a oferecer an\u00e1lises completas, dicas essenciais e as \u00faltimas atualiza\u00e7\u00f5es sobre o cativante mundo do Sweet Bonanza.<\/span><\/p><p>Em <a href=\"https:\/\/sweetbonanza77.com\/pt\/\" target=\"_new\" rel=\"noreferrer\">https:\/\/sweetbonanza77.com\/<\/a>Acreditamos que o jogo de cassino on-line deve ser uma fonte de alegria e experi\u00eancias positivas. Com isso em mente, nossa miss\u00e3o \u00e9 promover pr\u00e1ticas de jogo respons\u00e1veis no setor e garantir o acesso a informa\u00e7\u00f5es precisas e atualizadas sobre o Sweet Bonanza e outros jogos de cassino on-line.<\/p><p>Nossa equipe \u00e9 formada por profissionais experientes com vasta experi\u00eancia em jogos de azar on-line. Temos o compromisso de fornecer an\u00e1lises imparciais e detalhadas do Sweet Bonanza, bem como estrat\u00e9gias pr\u00e1ticas para aprimorar suas sess\u00f5es de jogo e aumentar suas chances de ganhar.<\/p><p>Priorizamos a transpar\u00eancia e a honestidade em nosso trabalho. \u00c9 nosso orgulho fornecer an\u00e1lises objetivas e imparciais do Sweet Bonanza e de outros jogos, ajudando os jogadores a tomar decis\u00f5es bem informadas a partir de fontes confi\u00e1veis.<\/p><p>Reconhecendo a natureza din\u00e2mica do setor de jogos de azar on-line, n\u00f3s o mantemos informado com as mais recentes not\u00edcias, atualiza\u00e7\u00f5es e tend\u00eancias do setor relacionadas ao Sweet Bonanza e a outros jogos. Nossa plataforma \u00e9 sua principal fonte para obter conhecimento e permanecer \u00e0 frente no cen\u00e1rio de jogos em constante mudan\u00e7a.<\/p><p>Obrigado por escolher <a href=\"https:\/\/sweetbonanza77.com\/pt\/\" target=\"_new\" rel=\"noreferrer\">https:\/\/sweetbonanza77.com\/<\/a> como seu guia confi\u00e1vel para o mundo do Sweet Bonanza e muito mais. N\u00f3s nos dedicamos a fornecer os insights e as informa\u00e7\u00f5es de que voc\u00ea precisa para aproveitar ao m\u00e1ximo sua experi\u00eancia de jogo.<\/p>\t\t\t\t\t\t\t\t<\/div>\n\t\t\t\t<\/div>\n\t\t\t\t\t<\/div>\n\t\t\t\t<\/div>\n\t\t\t\t<\/div>","protected":false},"excerpt":{"rendered":"<p>About Us Welcome to https:\/\/sweetbonanza77.com\/ \u2013 your premier destination for all things related to the beloved online casino game, Sweet Bonanza. Our platform is dedicated to offering thorough reviews, essential tips, and the latest updates on the captivating world of Sweet Bonanza. At https:\/\/sweetbonanza77.com\/, we believe that online casino gameplay should be a source of [&hellip;]<\/p>\n","protected":false},"author":1,"featured_media":0,"parent":0,"menu_order":0,"comment_status":"closed","ping_status":"closed","template":"","meta":{"footnotes":""},"class_list":["post-837","page","type-page","status-publish","hentry"],"blocksy_meta":{"has_hero_section":"disabled","styles_descriptor":{"styles":{"desktop":"","tablet":"","mobile":""},"google_fonts":[],"version":6}},"yoast_head":"<!-- This site is optimized with the Yoast SEO plugin v27.3 - https:\/\/yoast.com\/product\/yoast-seo-wordpress\/ -->\n<title>About Us About Us - Sweet Bonanza 77<\/title>\n<meta name=\"description\" content=\"Reviews, winning strategies, and latest updates. Our pro team delivers accurate, current info on Sweet Bonanza and online casinos. Reliable source for responsible gaming and industry trends.\" \/>\n<meta name=\"robots\" content=\"index, follow, max-snippet:-1, max-image-preview:large, max-video-preview:-1\" \/>\n<link rel=\"canonical\" href=\"https:\/\/sweetbonanza77.com\/pt\/about-us\/\" \/>\n<meta property=\"og:locale\" content=\"pt_BR\" \/>\n<meta property=\"og:type\" content=\"article\" \/>\n<meta property=\"og:title\" content=\"About Us About Us - Sweet Bonanza 77\" \/>\n<meta property=\"og:description\" content=\"Reviews, winning strategies, and latest updates. Our pro team delivers accurate, current info on Sweet Bonanza and online casinos. Reliable source for responsible gaming and industry trends.\" \/>\n<meta property=\"og:url\" content=\"https:\/\/sweetbonanza77.com\/pt\/about-us\/\" \/>\n<meta property=\"og:site_name\" content=\"Sweet Bonanza 77\" \/>\n<meta property=\"article:modified_time\" content=\"2024-08-22T11:58:52+00:00\" \/>\n<meta name=\"twitter:card\" content=\"summary_large_image\" \/>\n<meta name=\"twitter:label1\" content=\"Est. tempo de leitura\" \/>\n\t<meta name=\"twitter:data1\" content=\"2 minutos\" \/>\n<script type=\"application\/ld+json\" class=\"yoast-schema-graph\">{\"@context\":\"https:\\\/\\\/schema.org\",\"@graph\":[{\"@type\":\"WebPage\",\"@id\":\"https:\\\/\\\/sweetbonanza77.com\\\/about-us\\\/\",\"url\":\"https:\\\/\\\/sweetbonanza77.com\\\/about-us\\\/\",\"name\":\"About Us About Us - Sweet Bonanza 77\",\"isPartOf\":{\"@id\":\"https:\\\/\\\/sweetbonanza77.com\\\/#website\"},\"datePublished\":\"2024-07-09T08:50:02+00:00\",\"dateModified\":\"2024-08-22T11:58:52+00:00\",\"description\":\"Reviews, winning strategies, and latest updates. Our pro team delivers accurate, current info on Sweet Bonanza and online casinos. Reliable source for responsible gaming and industry trends.\",\"breadcrumb\":{\"@id\":\"https:\\\/\\\/sweetbonanza77.com\\\/about-us\\\/#breadcrumb\"},\"inLanguage\":\"pt-BR\",\"potentialAction\":[{\"@type\":\"ReadAction\",\"target\":[\"https:\\\/\\\/sweetbonanza77.com\\\/about-us\\\/\"]}]},{\"@type\":\"BreadcrumbList\",\"@id\":\"https:\\\/\\\/sweetbonanza77.com\\\/about-us\\\/#breadcrumb\",\"itemListElement\":[{\"@type\":\"ListItem\",\"position\":1,\"name\":\"Home\",\"item\":\"https:\\\/\\\/sweetbonanza77.com\\\/\"},{\"@type\":\"ListItem\",\"position\":2,\"name\":\"About Us\"}]},{\"@type\":\"WebSite\",\"@id\":\"https:\\\/\\\/sweetbonanza77.com\\\/#website\",\"url\":\"https:\\\/\\\/sweetbonanza77.com\\\/\",\"name\":\"Sweet Bonanza 77\",\"description\":\"\",\"potentialAction\":[{\"@type\":\"SearchAction\",\"target\":{\"@type\":\"EntryPoint\",\"urlTemplate\":\"https:\\\/\\\/sweetbonanza77.com\\\/?s={search_term_string}\"},\"query-input\":{\"@type\":\"PropertyValueSpecification\",\"valueRequired\":true,\"valueName\":\"search_term_string\"}}],\"inLanguage\":\"pt-BR\"}]}<\/script>\n<!-- \/ Yoast SEO plugin. -->","yoast_head_json":{"title":"Sobre n\u00f3s Sobre n\u00f3s - Sweet Bonanza 77","description":"Avalia\u00e7\u00f5es, estrat\u00e9gias vencedoras e atualiza\u00e7\u00f5es mais recentes. Nossa equipe de profissionais fornece informa\u00e7\u00f5es precisas e atuais sobre o Sweet Bonanza e os cassinos on-line. Fonte confi\u00e1vel para jogos respons\u00e1veis e tend\u00eancias do setor.","robots":{"index":"index","follow":"follow","max-snippet":"max-snippet:-1","max-image-preview":"max-image-preview:large","max-video-preview":"max-video-preview:-1"},"canonical":"https:\/\/sweetbonanza77.com\/pt\/about-us\/","og_locale":"pt_BR","og_type":"article","og_title":"About Us About Us - Sweet Bonanza 77","og_description":"Reviews, winning strategies, and latest updates. Our pro team delivers accurate, current info on Sweet Bonanza and online casinos. Reliable source for responsible gaming and industry trends.","og_url":"https:\/\/sweetbonanza77.com\/pt\/about-us\/","og_site_name":"Sweet Bonanza 77","article_modified_time":"2024-08-22T11:58:52+00:00","twitter_card":"summary_large_image","twitter_misc":{"Est. tempo de leitura":"2 minutos"},"schema":{"@context":"https:\/\/schema.org","@graph":[{"@type":"WebPage","@id":"https:\/\/sweetbonanza77.com\/about-us\/","url":"https:\/\/sweetbonanza77.com\/about-us\/","name":"Sobre n\u00f3s Sobre n\u00f3s - Sweet Bonanza 77","isPartOf":{"@id":"https:\/\/sweetbonanza77.com\/#website"},"datePublished":"2024-07-09T08:50:02+00:00","dateModified":"2024-08-22T11:58:52+00:00","description":"Avalia\u00e7\u00f5es, estrat\u00e9gias vencedoras e atualiza\u00e7\u00f5es mais recentes. Nossa equipe de profissionais fornece informa\u00e7\u00f5es precisas e atuais sobre o Sweet Bonanza e os cassinos on-line. Fonte confi\u00e1vel para jogos respons\u00e1veis e tend\u00eancias do setor.","breadcrumb":{"@id":"https:\/\/sweetbonanza77.com\/about-us\/#breadcrumb"},"inLanguage":"pt-BR","potentialAction":[{"@type":"ReadAction","target":["https:\/\/sweetbonanza77.com\/about-us\/"]}]},{"@type":"BreadcrumbList","@id":"https:\/\/sweetbonanza77.com\/about-us\/#breadcrumb","itemListElement":[{"@type":"ListItem","position":1,"name":"Home","item":"https:\/\/sweetbonanza77.com\/"},{"@type":"ListItem","position":2,"name":"About Us"}]},{"@type":"WebSite","@id":"https:\/\/sweetbonanza77.com\/#website","url":"https:\/\/sweetbonanza77.com\/","name":"Doce Bonanza 77","description":"","potentialAction":[{"@type":"SearchAction","target":{"@type":"EntryPoint","urlTemplate":"https:\/\/sweetbonanza77.com\/?s={search_term_string}"},"query-input":{"@type":"PropertyValueSpecification","valueRequired":true,"valueName":"search_term_string"}}],"inLanguage":"pt-BR"}]}},"_links":{"self":[{"href":"https:\/\/sweetbonanza77.com\/pt\/wp-json\/wp\/v2\/pages\/837","targetHints":{"allow":["GET"]}}],"collection":[{"href":"https:\/\/sweetbonanza77.com\/pt\/wp-json\/wp\/v2\/pages"}],"about":[{"href":"https:\/\/sweetbonanza77.com\/pt\/wp-json\/wp\/v2\/types\/page"}],"author":[{"embeddable":true,"href":"https:\/\/sweetbonanza77.com\/pt\/wp-json\/wp\/v2\/users\/1"}],"replies":[{"embeddable":true,"href":"https:\/\/sweetbonanza77.com\/pt\/wp-json\/wp\/v2\/comments?post=837"}],"version-history":[{"count":0,"href":"https:\/\/sweetbonanza77.com\/pt\/wp-json\/wp\/v2\/pages\/837\/revisions"}],"wp:attachment":[{"href":"https:\/\/sweetbonanza77.com\/pt\/wp-json\/wp\/v2\/media?parent=837"}],"curies":[{"name":"wp","href":"https:\/\/api.w.org\/{rel}","templated":true}]}}