{"id":837,"date":"2024-07-09T08:50:02","date_gmt":"2024-07-09T08:50:02","guid":{"rendered":"https:\/\/sweetbonanza77.com\/?page_id=837"},"modified":"2024-08-22T11:58:52","modified_gmt":"2024-08-22T11:58:52","slug":"about-us","status":"publish","type":"page","link":"https:\/\/sweetbonanza77.com\/tr\/hakkimizda\/","title":{"rendered":"Hakk\u0131m\u0131zda"},"content":{"rendered":"<div data-elementor-type=\"wp-page\" data-elementor-id=\"837\" class=\"elementor elementor-837\">\n\t\t\t\t<div class=\"elementor-element elementor-element-deab348 e-flex e-con-boxed e-con e-parent\" data-id=\"deab348\" data-element_type=\"container\" data-e-type=\"container\">\n\t\t\t\t\t<div class=\"e-con-inner\">\n\t\t\t\t<div class=\"elementor-element elementor-element-877ce48 elementor-widget elementor-widget-spacer\" data-id=\"877ce48\" data-element_type=\"widget\" data-e-type=\"widget\" data-widget_type=\"spacer.default\">\n\t\t\t\t<div class=\"elementor-widget-container\">\n\t\t\t\t\t\t\t<div class=\"elementor-spacer\">\n\t\t\t<div class=\"elementor-spacer-inner\"><\/div>\n\t\t<\/div>\n\t\t\t\t\t\t<\/div>\n\t\t\t\t<\/div>\n\t\t\t\t\t<\/div>\n\t\t\t\t<\/div>\n\t\t<div class=\"elementor-element elementor-element-447f2c7 e-flex e-con-boxed e-con e-parent\" data-id=\"447f2c7\" data-element_type=\"container\" data-e-type=\"container\">\n\t\t\t\t\t<div class=\"e-con-inner\">\n\t\t\t\t<div class=\"elementor-element elementor-element-3d41c6b elementor-widget elementor-widget-heading\" data-id=\"3d41c6b\" data-element_type=\"widget\" data-e-type=\"widget\" data-widget_type=\"heading.default\">\n\t\t\t\t<div class=\"elementor-widget-container\">\n\t\t\t\t\t<h1 class=\"elementor-heading-title elementor-size-default\">Hakk\u0131m\u0131zda<\/h1>\t\t\t\t<\/div>\n\t\t\t\t<\/div>\n\t\t\t\t\t<\/div>\n\t\t\t\t<\/div>\n\t\t<div class=\"elementor-element elementor-element-783536a e-flex e-con-boxed e-con e-parent\" data-id=\"783536a\" data-element_type=\"container\" data-e-type=\"container\">\n\t\t\t\t\t<div class=\"e-con-inner\">\n\t\t\t\t<div class=\"elementor-element elementor-element-91e7c23 elementor-widget elementor-widget-text-editor\" data-id=\"91e7c23\" data-element_type=\"widget\" data-e-type=\"widget\" data-widget_type=\"text-editor.default\">\n\t\t\t\t<div class=\"elementor-widget-container\">\n\t\t\t\t\t\t\t\t\t<p><span style=\"font-family: inherit; font-size: inherit; font-style: inherit; font-variant-ligatures: inherit; font-variant-caps: inherit; font-weight: inherit; text-align: var(--text-align); background-color: var(--theme-palette-color-8); color: var(--theme-text-color); letter-spacing: var(--theme-letter-spacing); text-transform: var(--theme-text-transform);\">Ho\u015f geldiniz <\/span><a style=\"font-family: inherit; font-size: inherit; font-style: inherit; font-variant-ligatures: inherit; font-variant-caps: inherit; font-weight: inherit; text-align: var(--text-align); background-color: var(--theme-palette-color-8); letter-spacing: var(--theme-letter-spacing); text-transform: var(--theme-text-transform);\" href=\"https:\/\/sweetbonanza77.com\/tr\/\" target=\"_new\" rel=\"noreferrer\">https:\/\/sweetbonanza77.com\/<\/a><span style=\"font-family: inherit; font-size: inherit; font-style: inherit; font-variant-ligatures: inherit; font-variant-caps: inherit; font-weight: inherit; text-align: var(--text-align); background-color: var(--theme-palette-color-8); color: var(--theme-text-color); letter-spacing: var(--theme-letter-spacing); text-transform: var(--theme-text-transform);\"> - sevilen online casino oyunu Sweet Bonanza ile ilgili her \u015fey i\u00e7in ilk adresiniz. Platformumuz, Sweet Bonanza'n\u0131n b\u00fcy\u00fcleyici d\u00fcnyas\u0131 hakk\u0131nda kapsaml\u0131 incelemeler, temel ipu\u00e7lar\u0131 ve en son g\u00fcncellemeleri sunmaya adanm\u0131\u015ft\u0131r.<\/span><\/p><p>At <a href=\"https:\/\/sweetbonanza77.com\/tr\/\" target=\"_new\" rel=\"noreferrer\">https:\/\/sweetbonanza77.com\/<\/a>olarak, online casino oyununun bir ne\u015fe ve olumlu deneyim kayna\u011f\u0131 olmas\u0131 gerekti\u011fine inan\u0131yoruz. Bunu ak\u0131lda tutarak, misyonumuz sekt\u00f6rdeki sorumlu oyun uygulamalar\u0131n\u0131 te\u015fvik etmek ve Sweet Bonanza ve di\u011fer \u00e7evrimi\u00e7i casino oyunlar\u0131 hakk\u0131nda kesin, g\u00fcncel bilgilere eri\u015fim sa\u011flamakt\u0131r.<\/p><p>Ekibimiz, \u00e7evrimi\u00e7i kumar alan\u0131nda kapsaml\u0131 ge\u00e7mi\u015fe sahip deneyimli profesyonellerden olu\u015fmaktad\u0131r. Sweet Bonanza hakk\u0131nda tarafs\u0131z, ayr\u0131nt\u0131l\u0131 incelemeler ve oyun oturumlar\u0131n\u0131z\u0131 geli\u015ftirmek ve kazanma \u015fans\u0131n\u0131z\u0131 art\u0131rmak i\u00e7in pratik stratejiler sunmay\u0131 taahh\u00fct ediyoruz.<\/p><p>\u00c7al\u0131\u015fmalar\u0131m\u0131zda \u015feffafl\u0131k ve d\u00fcr\u00fcstl\u00fc\u011fe \u00f6ncelik veriyoruz. Sweet Bonanza ve di\u011fer oyunlar hakk\u0131nda objektif ve tarafs\u0131z incelemeler sunarak oyuncular\u0131n g\u00fcvenilir kaynaklardan do\u011fru kararlar vermesine yard\u0131mc\u0131 olmak bizim i\u00e7in gurur kayna\u011f\u0131d\u0131r.<\/p><p>\u00c7evrimi\u00e7i kumar end\u00fcstrisinin dinamik do\u011fas\u0131n\u0131n fark\u0131nda olarak, Sweet Bonanza ve di\u011fer oyunlarla ilgili en son haberler, g\u00fcncellemeler ve end\u00fcstri trendleri hakk\u0131nda sizi bilgilendiriyoruz. Platformumuz, s\u00fcrekli de\u011fi\u015fen oyun ortam\u0131nda bilgi edinmek ve bir ad\u0131m \u00f6nde olmak i\u00e7in en iyi kayna\u011f\u0131n\u0131zd\u0131r.<\/p><p>Se\u00e7ti\u011finiz i\u00e7in te\u015fekk\u00fcr ederiz <a href=\"https:\/\/sweetbonanza77.com\/tr\/\" target=\"_new\" rel=\"noreferrer\">https:\/\/sweetbonanza77.com\/<\/a> Sweet Bonanza d\u00fcnyas\u0131nda ve \u00f6tesinde g\u00fcvenilir rehberiniz olarak. Kendimizi, oyun deneyiminizin tad\u0131n\u0131 sonuna kadar \u00e7\u0131karman\u0131z i\u00e7in ihtiya\u00e7 duydu\u011funuz i\u00e7g\u00f6r\u00fc ve bilgileri sa\u011flamaya adad\u0131k.<\/p>\t\t\t\t\t\t\t\t<\/div>\n\t\t\t\t<\/div>\n\t\t\t\t\t<\/div>\n\t\t\t\t<\/div>\n\t\t\t\t<\/div>","protected":false},"excerpt":{"rendered":"<p>About Us Welcome to https:\/\/sweetbonanza77.com\/ \u2013 your premier destination for all things related to the beloved online casino game, Sweet Bonanza. Our platform is dedicated to offering thorough reviews, essential tips, and the latest updates on the captivating world of Sweet Bonanza. At https:\/\/sweetbonanza77.com\/, we believe that online casino gameplay should be a source of [&hellip;]<\/p>\n","protected":false},"author":1,"featured_media":0,"parent":0,"menu_order":0,"comment_status":"closed","ping_status":"closed","template":"","meta":{"footnotes":""},"class_list":["post-837","page","type-page","status-publish","hentry"],"blocksy_meta":{"has_hero_section":"disabled","styles_descriptor":{"styles":{"desktop":"","tablet":"","mobile":""},"google_fonts":[],"version":6}},"yoast_head":"<!-- This site is optimized with the Yoast SEO plugin v27.3 - https:\/\/yoast.com\/product\/yoast-seo-wordpress\/ -->\n<title>About Us About Us - Sweet Bonanza 77<\/title>\n<meta name=\"description\" content=\"Reviews, winning strategies, and latest updates. Our pro team delivers accurate, current info on Sweet Bonanza and online casinos. Reliable source for responsible gaming and industry trends.\" \/>\n<meta name=\"robots\" content=\"index, follow, max-snippet:-1, max-image-preview:large, max-video-preview:-1\" \/>\n<link rel=\"canonical\" href=\"https:\/\/sweetbonanza77.com\/tr\/hakkimizda\/\" \/>\n<meta property=\"og:locale\" content=\"tr_TR\" \/>\n<meta property=\"og:type\" content=\"article\" \/>\n<meta property=\"og:title\" content=\"About Us About Us - Sweet Bonanza 77\" \/>\n<meta property=\"og:description\" content=\"Reviews, winning strategies, and latest updates. Our pro team delivers accurate, current info on Sweet Bonanza and online casinos. Reliable source for responsible gaming and industry trends.\" \/>\n<meta property=\"og:url\" content=\"https:\/\/sweetbonanza77.com\/tr\/hakkimizda\/\" \/>\n<meta property=\"og:site_name\" content=\"Sweet Bonanza 77\" \/>\n<meta property=\"article:modified_time\" content=\"2024-08-22T11:58:52+00:00\" \/>\n<meta name=\"twitter:card\" content=\"summary_large_image\" \/>\n<meta name=\"twitter:label1\" content=\"Tahmini okuma s\u00fcresi\" \/>\n\t<meta name=\"twitter:data1\" content=\"2 dakika\" \/>\n<script type=\"application\/ld+json\" class=\"yoast-schema-graph\">{\"@context\":\"https:\\\/\\\/schema.org\",\"@graph\":[{\"@type\":\"WebPage\",\"@id\":\"https:\\\/\\\/sweetbonanza77.com\\\/about-us\\\/\",\"url\":\"https:\\\/\\\/sweetbonanza77.com\\\/about-us\\\/\",\"name\":\"About Us About Us - Sweet Bonanza 77\",\"isPartOf\":{\"@id\":\"https:\\\/\\\/sweetbonanza77.com\\\/#website\"},\"datePublished\":\"2024-07-09T08:50:02+00:00\",\"dateModified\":\"2024-08-22T11:58:52+00:00\",\"description\":\"Reviews, winning strategies, and latest updates. Our pro team delivers accurate, current info on Sweet Bonanza and online casinos. Reliable source for responsible gaming and industry trends.\",\"breadcrumb\":{\"@id\":\"https:\\\/\\\/sweetbonanza77.com\\\/about-us\\\/#breadcrumb\"},\"inLanguage\":\"tr\",\"potentialAction\":[{\"@type\":\"ReadAction\",\"target\":[\"https:\\\/\\\/sweetbonanza77.com\\\/about-us\\\/\"]}]},{\"@type\":\"BreadcrumbList\",\"@id\":\"https:\\\/\\\/sweetbonanza77.com\\\/about-us\\\/#breadcrumb\",\"itemListElement\":[{\"@type\":\"ListItem\",\"position\":1,\"name\":\"Home\",\"item\":\"https:\\\/\\\/sweetbonanza77.com\\\/\"},{\"@type\":\"ListItem\",\"position\":2,\"name\":\"About Us\"}]},{\"@type\":\"WebSite\",\"@id\":\"https:\\\/\\\/sweetbonanza77.com\\\/#website\",\"url\":\"https:\\\/\\\/sweetbonanza77.com\\\/\",\"name\":\"Sweet Bonanza 77\",\"description\":\"\",\"potentialAction\":[{\"@type\":\"SearchAction\",\"target\":{\"@type\":\"EntryPoint\",\"urlTemplate\":\"https:\\\/\\\/sweetbonanza77.com\\\/?s={search_term_string}\"},\"query-input\":{\"@type\":\"PropertyValueSpecification\",\"valueRequired\":true,\"valueName\":\"search_term_string\"}}],\"inLanguage\":\"tr\"}]}<\/script>\n<!-- \/ Yoast SEO plugin. -->","yoast_head_json":{"title":"Hakk\u0131m\u0131zda Hakk\u0131m\u0131zda - Sweet Bonanza 77","description":"\u0130ncelemeler, kazanma stratejileri ve en son g\u00fcncellemeler. Profesyonel ekibimiz Sweet Bonanza ve online casinolar hakk\u0131nda do\u011fru ve g\u00fcncel bilgiler sunar. Sorumlu oyun ve end\u00fcstri trendleri i\u00e7in g\u00fcvenilir kaynak.","robots":{"index":"index","follow":"follow","max-snippet":"max-snippet:-1","max-image-preview":"max-image-preview:large","max-video-preview":"max-video-preview:-1"},"canonical":"https:\/\/sweetbonanza77.com\/tr\/hakkimizda\/","og_locale":"tr_TR","og_type":"article","og_title":"About Us About Us - Sweet Bonanza 77","og_description":"Reviews, winning strategies, and latest updates. Our pro team delivers accurate, current info on Sweet Bonanza and online casinos. Reliable source for responsible gaming and industry trends.","og_url":"https:\/\/sweetbonanza77.com\/tr\/hakkimizda\/","og_site_name":"Sweet Bonanza 77","article_modified_time":"2024-08-22T11:58:52+00:00","twitter_card":"summary_large_image","twitter_misc":{"Tahmini okuma s\u00fcresi":"2 dakika"},"schema":{"@context":"https:\/\/schema.org","@graph":[{"@type":"WebPage","@id":"https:\/\/sweetbonanza77.com\/about-us\/","url":"https:\/\/sweetbonanza77.com\/about-us\/","name":"Hakk\u0131m\u0131zda Hakk\u0131m\u0131zda - Sweet Bonanza 77","isPartOf":{"@id":"https:\/\/sweetbonanza77.com\/#website"},"datePublished":"2024-07-09T08:50:02+00:00","dateModified":"2024-08-22T11:58:52+00:00","description":"\u0130ncelemeler, kazanma stratejileri ve en son g\u00fcncellemeler. Profesyonel ekibimiz Sweet Bonanza ve online casinolar hakk\u0131nda do\u011fru ve g\u00fcncel bilgiler sunar. Sorumlu oyun ve end\u00fcstri trendleri i\u00e7in g\u00fcvenilir kaynak.","breadcrumb":{"@id":"https:\/\/sweetbonanza77.com\/about-us\/#breadcrumb"},"inLanguage":"tr","potentialAction":[{"@type":"ReadAction","target":["https:\/\/sweetbonanza77.com\/about-us\/"]}]},{"@type":"BreadcrumbList","@id":"https:\/\/sweetbonanza77.com\/about-us\/#breadcrumb","itemListElement":[{"@type":"ListItem","position":1,"name":"Home","item":"https:\/\/sweetbonanza77.com\/"},{"@type":"ListItem","position":2,"name":"About Us"}]},{"@type":"WebSite","@id":"https:\/\/sweetbonanza77.com\/#website","url":"https:\/\/sweetbonanza77.com\/","name":"Tatl\u0131 Bonanza 77","description":"","potentialAction":[{"@type":"SearchAction","target":{"@type":"EntryPoint","urlTemplate":"https:\/\/sweetbonanza77.com\/?s={search_term_string}"},"query-input":{"@type":"PropertyValueSpecification","valueRequired":true,"valueName":"search_term_string"}}],"inLanguage":"tr"}]}},"_links":{"self":[{"href":"https:\/\/sweetbonanza77.com\/tr\/wp-json\/wp\/v2\/pages\/837","targetHints":{"allow":["GET"]}}],"collection":[{"href":"https:\/\/sweetbonanza77.com\/tr\/wp-json\/wp\/v2\/pages"}],"about":[{"href":"https:\/\/sweetbonanza77.com\/tr\/wp-json\/wp\/v2\/types\/page"}],"author":[{"embeddable":true,"href":"https:\/\/sweetbonanza77.com\/tr\/wp-json\/wp\/v2\/users\/1"}],"replies":[{"embeddable":true,"href":"https:\/\/sweetbonanza77.com\/tr\/wp-json\/wp\/v2\/comments?post=837"}],"version-history":[{"count":0,"href":"https:\/\/sweetbonanza77.com\/tr\/wp-json\/wp\/v2\/pages\/837\/revisions"}],"wp:attachment":[{"href":"https:\/\/sweetbonanza77.com\/tr\/wp-json\/wp\/v2\/media?parent=837"}],"curies":[{"name":"wp","href":"https:\/\/api.w.org\/{rel}","templated":true}]}}