{"id":846,"date":"2024-07-09T08:55:02","date_gmt":"2024-07-09T08:55:02","guid":{"rendered":"https:\/\/sweetbonanza77.com\/?page_id=846"},"modified":"2024-08-22T11:59:07","modified_gmt":"2024-08-22T11:59:07","slug":"contact-us","status":"publish","type":"page","link":"https:\/\/sweetbonanza77.com\/tr\/bize-ulasin\/","title":{"rendered":"Bize ula\u015f\u0131n"},"content":{"rendered":"<div data-elementor-type=\"wp-page\" data-elementor-id=\"846\" class=\"elementor elementor-846\">\n\t\t\t\t<div class=\"elementor-element elementor-element-4b1f86d e-flex e-con-boxed e-con e-parent\" data-id=\"4b1f86d\" data-element_type=\"container\" data-e-type=\"container\">\n\t\t\t\t\t<div class=\"e-con-inner\">\n\t\t\t\t<div class=\"elementor-element elementor-element-3d9d2fd elementor-widget elementor-widget-spacer\" data-id=\"3d9d2fd\" data-element_type=\"widget\" data-e-type=\"widget\" data-widget_type=\"spacer.default\">\n\t\t\t\t<div class=\"elementor-widget-container\">\n\t\t\t\t\t\t\t<div class=\"elementor-spacer\">\n\t\t\t<div class=\"elementor-spacer-inner\"><\/div>\n\t\t<\/div>\n\t\t\t\t\t\t<\/div>\n\t\t\t\t<\/div>\n\t\t\t\t\t<\/div>\n\t\t\t\t<\/div>\n\t\t<div class=\"elementor-element elementor-element-d4050a5 e-flex e-con-boxed e-con e-parent\" data-id=\"d4050a5\" data-element_type=\"container\" data-e-type=\"container\">\n\t\t\t\t\t<div class=\"e-con-inner\">\n\t\t\t\t<div class=\"elementor-element elementor-element-aa55205 elementor-widget elementor-widget-heading\" data-id=\"aa55205\" data-element_type=\"widget\" data-e-type=\"widget\" data-widget_type=\"heading.default\">\n\t\t\t\t<div class=\"elementor-widget-container\">\n\t\t\t\t\t<h1 class=\"elementor-heading-title elementor-size-default\">Bize Ula\u015f\u0131n<\/h1>\t\t\t\t<\/div>\n\t\t\t\t<\/div>\n\t\t\t\t\t<\/div>\n\t\t\t\t<\/div>\n\t\t<div class=\"elementor-element elementor-element-e72b53e e-flex e-con-boxed e-con e-parent\" data-id=\"e72b53e\" data-element_type=\"container\" data-e-type=\"container\">\n\t\t\t\t\t<div class=\"e-con-inner\">\n\t\t\t\t<div class=\"elementor-element elementor-element-ea9b63e elementor-widget elementor-widget-text-editor\" data-id=\"ea9b63e\" data-element_type=\"widget\" data-e-type=\"widget\" data-widget_type=\"text-editor.default\">\n\t\t\t\t<div class=\"elementor-widget-container\">\n\t\t\t\t\t\t\t\t\t<p>Ziyaretiniz i\u00e7in te\u015fekk\u00fcr ederiz <a href=\"https:\/\/sweetbonanza77.com\/tr\/\" target=\"_new\" rel=\"noreferrer\">https:\/\/sweetbonanza77.com\/<\/a>. Sweet Bonanza veya di\u011fer \u00e7evrimi\u00e7i casino konular\u0131 hakk\u0131nda herhangi bir sorunuz varsa, l\u00fctfen bizimle ileti\u015fime ge\u00e7mekten \u00e7ekinmeyin.<\/p><p>Bize e-posta yoluyla \u015fu adresten ula\u015fabilirsiniz <a rel=\"noreferrer\">info@sweetbonanza77.com<\/a>. Sorular\u0131n\u0131za m\u00fcmk\u00fcn olan en k\u0131sa s\u00fcrede yan\u0131t vermeyi taahh\u00fct ediyoruz.<\/p><p>Size yard\u0131mc\u0131 olmak ve online casino deneyiminizi geli\u015ftirmek i\u00e7in sab\u0131rs\u0131zlan\u0131yoruz!<\/p>\t\t\t\t\t\t\t\t<\/div>\n\t\t\t\t<\/div>\n\t\t\t\t\t<\/div>\n\t\t\t\t<\/div>\n\t\t\t\t<\/div>","protected":false},"excerpt":{"rendered":"<p>Contact Us Thank you for visiting https:\/\/sweetbonanza77.com\/. If you have any questions about Sweet Bonanza or any other online casino topics, please don&#8217;t hesitate to contact us. You can reach us via email at info@sweetbonanza77.com. We are committed to responding to your inquiries as quickly as possible. We look forward to assisting you and enhancing [&hellip;]<\/p>\n","protected":false},"author":1,"featured_media":0,"parent":0,"menu_order":0,"comment_status":"closed","ping_status":"closed","template":"","meta":{"footnotes":""},"class_list":["post-846","page","type-page","status-publish","hentry"],"blocksy_meta":{"has_hero_section":"disabled","styles_descriptor":{"styles":{"desktop":"","tablet":"","mobile":""},"google_fonts":[],"version":6}},"yoast_head":"<!-- This site is optimized with the Yoast SEO plugin v27.4 - https:\/\/yoast.com\/product\/yoast-seo-wordpress\/ -->\n<title>Contact us - Sweet Bonanza 77<\/title>\n<meta name=\"description\" content=\"Need help with Sweet Bonanza or online casino queries? Our expert team is here to assist. Get in touch for prompt responses and guidance. We&#039;re dedicated to improving your gaming experience with professional support and timely information.\" \/>\n<meta name=\"robots\" content=\"index, follow, max-snippet:-1, max-image-preview:large, max-video-preview:-1\" \/>\n<link rel=\"canonical\" href=\"https:\/\/sweetbonanza77.com\/tr\/bize-ulasin\/\" \/>\n<meta property=\"og:locale\" content=\"tr_TR\" \/>\n<meta property=\"og:type\" content=\"article\" \/>\n<meta property=\"og:title\" content=\"Contact us - Sweet Bonanza 77\" \/>\n<meta property=\"og:description\" content=\"Need help with Sweet Bonanza or online casino queries? Our expert team is here to assist. Get in touch for prompt responses and guidance. We&#039;re dedicated to improving your gaming experience with professional support and timely information.\" \/>\n<meta property=\"og:url\" content=\"https:\/\/sweetbonanza77.com\/tr\/bize-ulasin\/\" \/>\n<meta property=\"og:site_name\" content=\"Sweet Bonanza 77\" \/>\n<meta property=\"article:modified_time\" content=\"2024-08-22T11:59:07+00:00\" \/>\n<meta name=\"twitter:card\" content=\"summary_large_image\" \/>\n<meta name=\"twitter:label1\" content=\"Tahmini okuma s\u00fcresi\" \/>\n\t<meta name=\"twitter:data1\" content=\"1 dakika\" \/>\n<script type=\"application\/ld+json\" class=\"yoast-schema-graph\">{\"@context\":\"https:\\\/\\\/schema.org\",\"@graph\":[{\"@type\":\"WebPage\",\"@id\":\"https:\\\/\\\/sweetbonanza77.com\\\/contact-us\\\/\",\"url\":\"https:\\\/\\\/sweetbonanza77.com\\\/contact-us\\\/\",\"name\":\"Contact us - Sweet Bonanza 77\",\"isPartOf\":{\"@id\":\"https:\\\/\\\/sweetbonanza77.com\\\/#website\"},\"datePublished\":\"2024-07-09T08:55:02+00:00\",\"dateModified\":\"2024-08-22T11:59:07+00:00\",\"description\":\"Need help with Sweet Bonanza or online casino queries? Our expert team is here to assist. Get in touch for prompt responses and guidance. We're dedicated to improving your gaming experience with professional support and timely information.\",\"breadcrumb\":{\"@id\":\"https:\\\/\\\/sweetbonanza77.com\\\/contact-us\\\/#breadcrumb\"},\"inLanguage\":\"tr\",\"potentialAction\":[{\"@type\":\"ReadAction\",\"target\":[\"https:\\\/\\\/sweetbonanza77.com\\\/contact-us\\\/\"]}]},{\"@type\":\"BreadcrumbList\",\"@id\":\"https:\\\/\\\/sweetbonanza77.com\\\/contact-us\\\/#breadcrumb\",\"itemListElement\":[{\"@type\":\"ListItem\",\"position\":1,\"name\":\"Home\",\"item\":\"https:\\\/\\\/sweetbonanza77.com\\\/\"},{\"@type\":\"ListItem\",\"position\":2,\"name\":\"Contact us\"}]},{\"@type\":\"WebSite\",\"@id\":\"https:\\\/\\\/sweetbonanza77.com\\\/#website\",\"url\":\"https:\\\/\\\/sweetbonanza77.com\\\/\",\"name\":\"Sweet Bonanza 77\",\"description\":\"\",\"potentialAction\":[{\"@type\":\"SearchAction\",\"target\":{\"@type\":\"EntryPoint\",\"urlTemplate\":\"https:\\\/\\\/sweetbonanza77.com\\\/?s={search_term_string}\"},\"query-input\":{\"@type\":\"PropertyValueSpecification\",\"valueRequired\":true,\"valueName\":\"search_term_string\"}}],\"inLanguage\":\"tr\"}]}<\/script>\n<!-- \/ Yoast SEO plugin. -->","yoast_head_json":{"title":"Bize ula\u015f\u0131n - Sweet Bonanza 77","description":"Sweet Bonanza veya online casino sorular\u0131n\u0131z i\u00e7in yard\u0131ma m\u0131 ihtiyac\u0131n\u0131z var? Uzman ekibimiz size yard\u0131mc\u0131 olmak i\u00e7in burada. H\u0131zl\u0131 yan\u0131tlar ve rehberlik i\u00e7in ileti\u015fime ge\u00e7in. Profesyonel destek ve zaman\u0131nda bilgi ile oyun deneyiminizi geli\u015ftirmeye kendimizi adad\u0131k.","robots":{"index":"index","follow":"follow","max-snippet":"max-snippet:-1","max-image-preview":"max-image-preview:large","max-video-preview":"max-video-preview:-1"},"canonical":"https:\/\/sweetbonanza77.com\/tr\/bize-ulasin\/","og_locale":"tr_TR","og_type":"article","og_title":"Contact us - Sweet Bonanza 77","og_description":"Need help with Sweet Bonanza or online casino queries? Our expert team is here to assist. Get in touch for prompt responses and guidance. We're dedicated to improving your gaming experience with professional support and timely information.","og_url":"https:\/\/sweetbonanza77.com\/tr\/bize-ulasin\/","og_site_name":"Sweet Bonanza 77","article_modified_time":"2024-08-22T11:59:07+00:00","twitter_card":"summary_large_image","twitter_misc":{"Tahmini okuma s\u00fcresi":"1 dakika"},"schema":{"@context":"https:\/\/schema.org","@graph":[{"@type":"WebPage","@id":"https:\/\/sweetbonanza77.com\/contact-us\/","url":"https:\/\/sweetbonanza77.com\/contact-us\/","name":"Bize ula\u015f\u0131n - Sweet Bonanza 77","isPartOf":{"@id":"https:\/\/sweetbonanza77.com\/#website"},"datePublished":"2024-07-09T08:55:02+00:00","dateModified":"2024-08-22T11:59:07+00:00","description":"Sweet Bonanza veya online casino sorular\u0131n\u0131z i\u00e7in yard\u0131ma m\u0131 ihtiyac\u0131n\u0131z var? Uzman ekibimiz size yard\u0131mc\u0131 olmak i\u00e7in burada. H\u0131zl\u0131 yan\u0131tlar ve rehberlik i\u00e7in ileti\u015fime ge\u00e7in. Profesyonel destek ve zaman\u0131nda bilgi ile oyun deneyiminizi geli\u015ftirmeye kendimizi adad\u0131k.","breadcrumb":{"@id":"https:\/\/sweetbonanza77.com\/contact-us\/#breadcrumb"},"inLanguage":"tr","potentialAction":[{"@type":"ReadAction","target":["https:\/\/sweetbonanza77.com\/contact-us\/"]}]},{"@type":"BreadcrumbList","@id":"https:\/\/sweetbonanza77.com\/contact-us\/#breadcrumb","itemListElement":[{"@type":"ListItem","position":1,"name":"Home","item":"https:\/\/sweetbonanza77.com\/"},{"@type":"ListItem","position":2,"name":"Contact us"}]},{"@type":"WebSite","@id":"https:\/\/sweetbonanza77.com\/#website","url":"https:\/\/sweetbonanza77.com\/","name":"Tatl\u0131 Bonanza 77","description":"","potentialAction":[{"@type":"SearchAction","target":{"@type":"EntryPoint","urlTemplate":"https:\/\/sweetbonanza77.com\/?s={search_term_string}"},"query-input":{"@type":"PropertyValueSpecification","valueRequired":true,"valueName":"search_term_string"}}],"inLanguage":"tr"}]}},"_links":{"self":[{"href":"https:\/\/sweetbonanza77.com\/tr\/wp-json\/wp\/v2\/pages\/846","targetHints":{"allow":["GET"]}}],"collection":[{"href":"https:\/\/sweetbonanza77.com\/tr\/wp-json\/wp\/v2\/pages"}],"about":[{"href":"https:\/\/sweetbonanza77.com\/tr\/wp-json\/wp\/v2\/types\/page"}],"author":[{"embeddable":true,"href":"https:\/\/sweetbonanza77.com\/tr\/wp-json\/wp\/v2\/users\/1"}],"replies":[{"embeddable":true,"href":"https:\/\/sweetbonanza77.com\/tr\/wp-json\/wp\/v2\/comments?post=846"}],"version-history":[{"count":0,"href":"https:\/\/sweetbonanza77.com\/tr\/wp-json\/wp\/v2\/pages\/846\/revisions"}],"wp:attachment":[{"href":"https:\/\/sweetbonanza77.com\/tr\/wp-json\/wp\/v2\/media?parent=846"}],"curies":[{"name":"wp","href":"https:\/\/api.w.org\/{rel}","templated":true}]}}